{"id":892,"date":"2024-12-05T12:43:54","date_gmt":"2024-12-05T12:43:54","guid":{"rendered":"https:\/\/eszveszto.hu\/?post_type=product&#038;p=892"},"modified":"2026-03-30T23:14:01","modified_gmt":"2026-03-30T23:14:01","slug":"mind-game-challenge-copy","status":"publish","type":"product","link":"https:\/\/eszveszto.hu\/en\/product\/mind-game-challenge-copy\/","title":{"rendered":"\u00c9SZVESZT\u0150 Kih\u00edv\u00e1s"},"content":{"rendered":"<p>Szia! A nevem \u00c9SZVESZT\u0150 Kih\u00edv\u00e1s, de a bar\u00e1taimnak csak #\u00e9szveszt\u0151. \u00c9n egy interakt\u00edv rejtv\u00e9nyk\u00f6nyv \u00e9s t\u00e1rsasj\u00e1t\u00e9k vagyok;\u00e9s most egy hossz\u00fa, izgalmas, \u00e9s kih\u00edv\u00e1sokkal teli ment\u00e1lis utaz\u00e1sra invit\u00e1llak T\u00e9ged!<\/p>\n<p>J\u00e1tssz velem \u00e9s j\u00e1tssz az elm\u00e9ddel, 12 eddig sehol nem pr\u00f3b\u00e1lt rejtv\u00e9nyt\u00edpust tal\u00e1lsz majd bennem. Az \u00e9n c\u00e9lom az, hogy sz\u00f3rakoztassalak, a Ti\u00e9d pedig, hogy legy\u00f6zz; teh\u00e1t megfejtsd mind a 250 rejtv\u00e9nyemet.<\/p>\n<p>A szexepilem &#8211; amit\u0151l sanszos, hogy hamar bel\u00e9m habarodsz -, hogy minden kih\u00edv\u00e1som megfejt\u00e9se egy-egy eddig sehol nem olvasott gondolat\u00e9breszt\u0151, vagy \u00e9pen humoros \u00fczenetet rejt az \u00e9let nagy k\u00e9rd\u00e9seir\u0151l: az emberi agy titkair\u00f3l, az \u00e9let \u00e9rtelm\u00e9r\u0151l, szerelmr\u0151l, Istenr\u0151l, emberi kapcsolatokr\u00f3l, tudatr\u00f3l, mesters\u00e9ges intelligenci\u00e1r\u00f3l, \u00e9s m\u00e9g sok m\u00e1s hasonl\u00f3an k\u00f6nnyed t\u00e9m\u00e1r\u00f3l &#8211; mindezek k\u00f6zvetlen\u00fcl a szerz\u0151m toll\u00e1b\u00f3l.<\/p>","protected":false},"excerpt":{"rendered":"<p>Szia! A nevem \u00c9SZVESZT\u0150 Kih\u00edv\u00e1s, de a bar\u00e1taimnak csak #\u00e9szveszt\u0151. \u00c9n egy interakt\u00edv rejtv\u00e9nyk\u00f6nyv \u00e9s t\u00e1rsasj\u00e1t\u00e9k vagyok;\u00e9s most egy hossz\u00fa, izgalmas, \u00e9s kih\u00edv\u00e1sokkal teli ment\u00e1lis utaz\u00e1sra invit\u00e1llak T\u00e9ged!<\/p>\n<p>J\u00e1tssz velem \u00e9s j\u00e1tssz az elm\u00e9ddel, 12 eddig sehol nem pr\u00f3b\u00e1lt rejtv\u00e9nyt\u00edpust tal\u00e1lsz majd bennem. Az \u00e9n c\u00e9lom az, hogy sz\u00f3rakoztassalak, a Ti\u00e9d pedig, hogy legy\u00f6zz; teh\u00e1t megfejtsd mind a 250 rejtv\u00e9nyemet.<\/p>\n<p>A szexepilem &#8211; amit\u0151l sanszos, hogy hamar bel\u00e9m habarodsz -, hogy minden kih\u00edv\u00e1som megfejt\u00e9se egy-egy eddig sehol nem olvasott gondolat\u00e9breszt\u0151, vagy \u00e9pen humoros \u00fczenetet rejt az \u00e9let nagy k\u00e9rd\u00e9seir\u0151l: az emberi agy titkair\u00f3l, az \u00e9let \u00e9rtelm\u00e9r\u0151l, szerelmr\u0151l, Istenr\u0151l, emberi kapcsolatokr\u00f3l, tudatr\u00f3l, mesters\u00e9ges intelligenci\u00e1r\u00f3l, \u00e9s m\u00e9g sok m\u00e1s hasonl\u00f3an k\u00f6nnyed t\u00e9m\u00e1r\u00f3l &#8211; mindezek k\u00f6zvetlen\u00fcl a szerz\u0151m toll\u00e1b\u00f3l.<\/p>","protected":false},"featured_media":1215,"comment_status":"open","ping_status":"closed","template":"","meta":{"_monsterinsights_skip_tracking":false,"_monsterinsights_sitenote_active":false,"_monsterinsights_sitenote_note":"","_monsterinsights_sitenote_category":0},"product_cat":[15],"product_tag":[18,16,17],"class_list":{"0":"post-892","1":"product","2":"type-product","3":"status-publish","4":"has-post-thumbnail","6":"product_cat-thriller","7":"product_tag-action","8":"product_tag-space-adventure","9":"product_tag-thriller","11":"first","12":"instock","13":"shipping-taxable","14":"purchasable","15":"product-type-simple"},"_links":{"self":[{"href":"https:\/\/eszveszto.hu\/en\/wp-json\/wp\/v2\/product\/892","targetHints":{"allow":["GET"]}}],"collection":[{"href":"https:\/\/eszveszto.hu\/en\/wp-json\/wp\/v2\/product"}],"about":[{"href":"https:\/\/eszveszto.hu\/en\/wp-json\/wp\/v2\/types\/product"}],"replies":[{"embeddable":true,"href":"https:\/\/eszveszto.hu\/en\/wp-json\/wp\/v2\/comments?post=892"}],"wp:featuredmedia":[{"embeddable":true,"href":"https:\/\/eszveszto.hu\/en\/wp-json\/wp\/v2\/media\/1215"}],"wp:attachment":[{"href":"https:\/\/eszveszto.hu\/en\/wp-json\/wp\/v2\/media?parent=892"}],"wp:term":[{"taxonomy":"product_cat","embeddable":true,"href":"https:\/\/eszveszto.hu\/en\/wp-json\/wp\/v2\/product_cat?post=892"},{"taxonomy":"product_tag","embeddable":true,"href":"https:\/\/eszveszto.hu\/en\/wp-json\/wp\/v2\/product_tag?post=892"}],"curies":[{"name":"wp","href":"https:\/\/api.w.org\/{rel}","templated":true}]}}